{"id":1136,"date":"2025-05-15T10:16:21","date_gmt":"2025-05-15T10:16:21","guid":{"rendered":"https:\/\/www.campinglafouillade-najac.com\/mentions-legales\/"},"modified":"2025-05-19T14:28:32","modified_gmt":"2025-05-19T14:28:32","slug":"mentions-legales","status":"publish","type":"page","link":"https:\/\/www.campinglafouillade-najac.com\/en\/mentions-legales\/","title":{"rendered":"Mentions legales"},"content":{"rendered":"\t\t<div data-elementor-type=\"wp-page\" data-elementor-id=\"1136\" class=\"elementor elementor-1136 elementor-787\" data-elementor-post-type=\"page\">\n\t\t\t\t<div class=\"elementor-element elementor-element-cfdb3fc e-flex e-con-boxed e-con e-parent\" data-id=\"cfdb3fc\" data-element_type=\"container\">\n\t\t\t\t\t<div class=\"e-con-inner\">\n\t\t\t\t<div class=\"elementor-element elementor-element-289caad elementor-widget elementor-widget-text-editor\" data-id=\"289caad\" data-element_type=\"widget\" data-widget_type=\"text-editor.default\">\n\t\t\t\t<div class=\"elementor-widget-container\">\n\t\t\t\t\t\t\t\t\t<h1><strong>LEGAL NOTICE<\/strong><\/h1><p><strong>These Legal Terms and Conditions of Use govern your use of this Website. If you do not accept them, please leave the Site immediately. <\/strong><\/p><p> <\/p><p><strong>I &#8211; LEGAL INFORMATION<\/strong><\/p><p><strong>Site publisher<\/strong><br>CAMPING VACANCES LOISIRS D\u00c9TENTE BOUTONNET<br>SARL au Capital de 1000 \u20ac<br>Si\u00e8ge Social : Rue des Gen\u00eats &#8211; 12270 LA FOUILLADE<br><a href=\"mailto:info@campinglafouillade-najac.com\">info@campinglafouillade-najac.com<\/a><br>T\u00e9l\u00e9phone : 05 65 65 84 87<br>Siret number: 511 867 707 00016<br>Code APE: 5530 Z<br>Intracommunity VAT number: FR13511867707<br><br><strong>Publication Director<\/strong> <br>Mr G\u00e9rard BOUTONNET<br>Rue des Gen\u00eats &#8211; 12270 LA FOUILLADE<\/p><p><strong>Site host<\/strong> <br>INFOLIEN<br>20 Avenue Victor HUGO &#8211; 34200 SETE<br><a href=\"mailto:contact@infolien.com\">contact@infolien.com<\/a><br>Phone : 04 67 18 00 46<\/p><p><strong>II &#8211; GENERAL CONDITIONS OF USE OF THE SITE<\/strong><\/p><p> <\/p><h2>Article 1 &#8211; Acceptance of the Terms of Use<\/h2><p>Access to and use of the website <a href=\"http:\/\/www.campinglafouillade-najac.com\">www.campinglafouillade-najac.com,<\/a> hereinafter referred to as the <em>&#8220;Site&#8221;,<\/em> are subject to the present terms and conditions of use and to all regulations applicable on the day of the visit to the Site.<\/p><p>Consequently, access to and use of the Site implies full and unreserved acceptance by the user of these conditions. The Internet user declares and acknowledges having read the General Conditions of Use and undertakes to comply with them. <\/p><p>The General Conditions of Use of the Site may be freely modified and updated by CAMPING VACANCES LOISIRS D\u00c9TENTENTE BOUTONNET; any modification or update is binding on Internet users each time they access the Site, and Internet users therefore undertake to consult them regularly.<\/p><p>The Internet user acknowledges that he\/she has checked that the computer he\/she is using is free of viruses, Trojans, etc., and that it is in perfect working order.<\/p><p>CAMPING VACANCES LOISIRS D\u00c9TENTENTE BOUTONNET may not be held liable in any way for misuse of the service.<\/p><p> <\/p><h2>Article 2 &#8211; Personal data<\/h2><h3>Use of personal data collected on the site<\/h3><p>CAMPING VACANCES LOISIRS D\u00c9TENTENTE BOUTONNET undertakes to protect the confidentiality of information provided online by Internet users when filling in the forms on the site.<\/p><p>The personal data collected by CAMPING VACANCES LOISIRS D\u00c9TENTE BOUTONNET is necessary for the management of your requests or observations.<\/p><p>The mandatory nature of the information requested is indicated. Refusal to answer will result in your request not being taken into account.<\/p><h2>Article 3 &#8211; Intellectual property<\/h2><p>Use of the CAMPING VACANCES LOISIRS D\u00c9TENTENTE BOUTONNET website does not grant you any rights to this website and\/or its content. Only strictly personal use of this website and its content is authorized.<\/p><p>This Site and all the elements making it up, such as domain names, trademarks, general structure, texts, graphics, images, databases, Site tree structure and navigation, logos, graphic charter, sounds, photographs and iconography, as well as all other graphic, sound or other elements, reproduced on the Site or included within it, are the exclusive property of CAMPING VACANCES LOISIRS D\u00c9TENTE BOUTONNET, regardless of their possible protection, in the current state of legislation, by copyright or in any other way, to the exclusion of elements emanating from partners of CAMPING VACANCES LOISIRS D\u00c9TENTE BOUTONNET.<\/p><p>Any reproduction and\/or representation and\/or distribution, in whole or in part, and in particular in the form of a hypertext link, on any electronic or non-electronic medium, present or future, of the Site and\/or all or part of its content is prohibited without the prior, written and express authorization of CAMPING VACANCES LOISIRS D\u00c9TENTENTE BOUTONNET.<\/p><p>Any person contravening this prohibition will be held criminally and civilly liable, and may be prosecuted for counterfeiting and\/or unfair competition.<\/p><p>Similarly, the databases accessible via the Site are protected by articles L.341-1 et seq. of the French Intellectual Property Code. Any extraction or re-use of all or a substantial part, in quantitative or qualitative terms, of the data included in these databases is subject to the prior written consent of CAMPING VACANCES LOISIRS D\u00c9TENTENTE BOUTONNET.   <br>The data included in these databases is made available to the public for consultation purposes only. Consequently, any extraction or re-use of this data which is not exclusively and strictly necessary for this purpose, and therefore carried out for purposes other than pure consultation, without the prior written agreement of CAMPING VACANCES LOISIRS D\u00c9TENTENTE BOUTONNET, would exceed the normal conditions of use of the databases of CAMPING VACANCES LOISIRS D\u00c9TENTE BOUTONNET.<br>Any violation of the foregoing stipulations constitutes a violation of the rights recognized by law to the producer of the database and, consequently, is likely to engage the civil and criminal liability of their author. <\/p><p>The creation of a hypertext link to the Site, any framing of the Site, and more generally any use of a component of the Site, is subject to the prior, written and express authorization of CAMPING VACANCES LOISIRS D\u00c9TENTE BOUTONNET. In any event, CAMPING VACANCES LOISIRS D\u00c9TENTENTE BOUTONNET cannot be held responsible for the content, products or services offered on sites to which the Site may be affiliated by hypertext links or any other type of link. <\/p><h5><strong>Article 4 &#8211; Copyright<\/strong><\/h5><p><strong>Photo credits:<\/strong> Adobe Stock. All photos and images are the property of CAMPING VACANCES LOISIRS D\u00c9TENTE BOUTONNET or free of rights. <br><br>Article 5 &#8211; Liability<br><br>CAMPING VACANCES LOISIRS D\u00c9TENTENTE BOUTONNET takes the utmost care and makes every effort to ensure that the information provided on its Site is of the highest quality. However, CAMPING VACANCES LOISIRS D\u00c9TENTENTE BOUTONNET cannot absolutely guarantee the accuracy and completeness of all such information.<br>Internet users use the Site under their sole and entire responsibility. <br><br>CAMPING VACANCES LOISIRS D\u00c9TENTENTE BOUTONNET makes no representations or warranties of any kind, express or implied, including, without limitation, warranties as to the completeness, accuracy, timeliness, non-infringement, availability, reliability or completeness of the information, products, accessories or services appearing on the Site, or their suitability for the intended use by the user, or as to the consequences of their use.<\/p><p>The use of information, messages or data of any kind available through the Site is the sole responsibility of the Internet user, and the decisions or actions that the latter may be led to take or carry out in consideration of this information shall not incur any liability other than that of the Internet user.<\/p><p>CAMPING VACANCES LOISIRS D\u00c9TENTENTE BOUTONNET cannot be held responsible for any damage that any Internet user may suffer as a result of such use. In addition, CAMPING VACANCES LOISIRS D\u00c9TENTENTE BOUTONNET declines all responsibility for indirect damage, whatever the cause, origin, nature or consequences, including in particular costs that may arise from the acquisition of goods offered on the Site, loss of profits, customers, data or any other loss of intangible assets that may arise as a result of anyone&#8217;s access to the Site or inability to access it, or credit given to any information coming directly or indirectly from the latter.   <\/p><p>The Site also contains information from third parties and links to other Internet sites. CAMPING VACANCES LOISIRS D\u00c9TENTENTE BOUTONNET has no control over the quality or specifications of the products or services offered, the accuracy of the information contained on third-party sites or their content. As a result, CAMPING VACANCES LOISIRS D\u00c9TENTE BOUTONNET cannot be held responsible for the content of these sites, nor for the collection and transmission of personal data, the installation of cookies or any other process used for the same purpose by these sites, nor for any damage resulting from the use of, access to, or inability to use this third-party information.  <\/p><p>CAMPING VACANCES LOISIRS D\u00c9TENTENTE BOUTONNET endeavours to provide access to the Site 24 hours a day, 7 days a week, except in the event of force majeure or an event beyond the control of CAMPING VACANCES LOISIRS D\u00c9TENTENTE BOUTONNET, and subject to possible breakdowns and maintenance to ensure the proper functioning of the Site and the services offered.<br>Consequently, CAMPING VACANCES LOISIRS D\u00c9TENTENTE BOUTONNET cannot guarantee the availability of the Site and\/or the services offered on it, the reliability of transmissions or performance in terms of response time or quality.<\/p><p>CAMPING VACANCES LOISIRS D\u00c9TENTE BOUTONNET shall not be held liable in the event of impossibility of access to this Site or use of the services.<\/p><p><strong>Article 6 &#8211; Declaration to the CNIL<br><\/strong>In accordance with the French Data Protection Act 78-17 of January 6, 1978 (amended by Act 2004-801 of August 6, 2004 on the protection of individuals with regard to the processing of personal data) relating to information technology, files and freedoms, the site has been declared to the Commission nationale de l&#8217;informatique et des libert\u00e9s<a href=\"https:\/\/www.cnil.fr\/\">(www.cnil.fr).<\/a><\/p><p><strong> <\/strong><\/p><p><strong>Article 7 <\/strong><strong>&#8211; <\/strong><strong>Right of access<\/strong><\/p><p>In application of this law, Internet users have the right to access, rectify, modify and delete data concerning them personally. This right may be exercised by post to : <br>CAMPING VACANCES LOISIRS D\u00c9TENTENTE BOUTONNET &#8211; Rue des Gen\u00eats &#8211; 12270 LA FOUILLADE or by e-mail at the following address: <a href=\"mailto:info@campinglafouillade-najac.com\">info@campinglafouillade-najac.com.<\/a><br>The personal information collected is under no circumstances passed on to third parties, except in cases of force majeure or for the proper execution of the service ordered by the Internet user. <\/p><p><strong> <\/strong><\/p><p><strong>Article 8 <\/strong><strong>&#8211; <\/strong><strong>Disputes<\/strong><\/p><p>These terms and conditions are governed by French law, and any disputes arising from their interpretation or performance shall be submitted to the exclusive jurisdiction of the courts having jurisdiction over the registered office of CAMPING VACANCES LOISIRS D\u00c9TENTE BOUTONNET. The reference language for the settlement of any disputes is French. <\/p><p> <\/p><p><strong>Article 9 &#8211; Applicable law<\/strong><\/p><p>The content of the site is subject to French law. Any user acknowledges the jurisdiction of the competent court of Rodez for all matters relating to the content and use of the site or remedies arising therefrom. <\/p>\t\t\t\t\t\t\t\t<\/div>\n\t\t\t\t<\/div>\n\t\t\t\t\t<\/div>\n\t\t\t\t<\/div>\n\t\t\t\t<\/div>\n\t\t","protected":false},"excerpt":{"rendered":"<p>LEGAL NOTICE These Legal Terms and Conditions of Use govern your use of this Website. If you do not accept them, please leave the Site immediately. I &#8211; LEGAL INFORMATION Site publisherCAMPING VACANCES LOISIRS D\u00c9TENTE BOUTONNETSARL au Capital de 1000 \u20acSi\u00e8ge Social : Rue des Gen\u00eats &#8211; 12270 LA FOUILLADEinfo@campinglafouillade-najac.comT\u00e9l\u00e9phone : 05 65 65 84 [&hellip;]<\/p>\n","protected":false},"author":1,"featured_media":0,"parent":0,"menu_order":0,"comment_status":"closed","ping_status":"closed","template":"elementor_header_footer","meta":{"footnotes":""},"class_list":["post-1136","page","type-page","status-publish","hentry","entry"],"yoast_head":"<!-- This site is optimized with the Yoast SEO plugin v25.1 - https:\/\/yoast.com\/wordpress\/plugins\/seo\/ -->\n<title>Mentions legales - campinglafouillade-najac.com<\/title>\n<meta name=\"robots\" content=\"index, follow, max-snippet:-1, max-image-preview:large, max-video-preview:-1\" \/>\n<link rel=\"canonical\" href=\"https:\/\/www.campinglafouillade-najac.com\/en\/mentions-legales\/\" \/>\n<meta property=\"og:locale\" content=\"en_US\" \/>\n<meta property=\"og:type\" content=\"article\" \/>\n<meta property=\"og:title\" content=\"Mentions legales - campinglafouillade-najac.com\" \/>\n<meta property=\"og:description\" content=\"LEGAL NOTICE These Legal Terms and Conditions of Use govern your use of this Website. If you do not accept them, please leave the Site immediately. I &#8211; LEGAL INFORMATION Site publisherCAMPING VACANCES LOISIRS D\u00c9TENTE BOUTONNETSARL au Capital de 1000 \u20acSi\u00e8ge Social : Rue des Gen\u00eats &#8211; 12270 LA FOUILLADEinfo@campinglafouillade-najac.comT\u00e9l\u00e9phone : 05 65 65 84 [&hellip;]\" \/>\n<meta property=\"og:url\" content=\"https:\/\/www.campinglafouillade-najac.com\/en\/mentions-legales\/\" \/>\n<meta property=\"og:site_name\" content=\"campinglafouillade-najac.com\" \/>\n<meta property=\"article:modified_time\" content=\"2025-05-19T14:28:32+00:00\" \/>\n<meta name=\"twitter:card\" content=\"summary_large_image\" \/>\n<meta name=\"twitter:label1\" content=\"Est. reading time\" \/>\n\t<meta name=\"twitter:data1\" content=\"8 minutes\" \/>\n<script type=\"application\/ld+json\" class=\"yoast-schema-graph\">{\"@context\":\"https:\/\/schema.org\",\"@graph\":[{\"@type\":\"WebPage\",\"@id\":\"https:\/\/www.campinglafouillade-najac.com\/en\/mentions-legales\/\",\"url\":\"https:\/\/www.campinglafouillade-najac.com\/en\/mentions-legales\/\",\"name\":\"Mentions legales - campinglafouillade-najac.com\",\"isPartOf\":{\"@id\":\"https:\/\/www.campinglafouillade-najac.com\/en\/#website\"},\"datePublished\":\"2025-05-15T10:16:21+00:00\",\"dateModified\":\"2025-05-19T14:28:32+00:00\",\"breadcrumb\":{\"@id\":\"https:\/\/www.campinglafouillade-najac.com\/en\/mentions-legales\/#breadcrumb\"},\"inLanguage\":\"en-US\",\"potentialAction\":[{\"@type\":\"ReadAction\",\"target\":[\"https:\/\/www.campinglafouillade-najac.com\/en\/mentions-legales\/\"]}]},{\"@type\":\"BreadcrumbList\",\"@id\":\"https:\/\/www.campinglafouillade-najac.com\/en\/mentions-legales\/#breadcrumb\",\"itemListElement\":[{\"@type\":\"ListItem\",\"position\":1,\"name\":\"Accueil\",\"item\":\"https:\/\/www.campinglafouillade-najac.com\/en\/home\/\"},{\"@type\":\"ListItem\",\"position\":2,\"name\":\"Mentions legales\"}]},{\"@type\":\"WebSite\",\"@id\":\"https:\/\/www.campinglafouillade-najac.com\/en\/#website\",\"url\":\"https:\/\/www.campinglafouillade-najac.com\/en\/\",\"name\":\"campinglafouillade-najac.com\",\"description\":\"\",\"publisher\":{\"@id\":\"https:\/\/www.campinglafouillade-najac.com\/en\/#organization\"},\"potentialAction\":[{\"@type\":\"SearchAction\",\"target\":{\"@type\":\"EntryPoint\",\"urlTemplate\":\"https:\/\/www.campinglafouillade-najac.com\/en\/?s={search_term_string}\"},\"query-input\":{\"@type\":\"PropertyValueSpecification\",\"valueRequired\":true,\"valueName\":\"search_term_string\"}}],\"inLanguage\":\"en-US\"},{\"@type\":\"Organization\",\"@id\":\"https:\/\/www.campinglafouillade-najac.com\/en\/#organization\",\"name\":\"campinglafouillade-najac.com\",\"url\":\"https:\/\/www.campinglafouillade-najac.com\/en\/\",\"logo\":{\"@type\":\"ImageObject\",\"inLanguage\":\"en-US\",\"@id\":\"https:\/\/www.campinglafouillade-najac.com\/en\/#\/schema\/logo\/image\/\",\"url\":\"https:\/\/www.campinglafouillade-najac.com\/wp-content\/uploads\/2025\/05\/asset-0-1.png\",\"contentUrl\":\"https:\/\/www.campinglafouillade-najac.com\/wp-content\/uploads\/2025\/05\/asset-0-1.png\",\"width\":197,\"height\":129,\"caption\":\"campinglafouillade-najac.com\"},\"image\":{\"@id\":\"https:\/\/www.campinglafouillade-najac.com\/en\/#\/schema\/logo\/image\/\"}}]}<\/script>\n<!-- \/ Yoast SEO plugin. -->","yoast_head_json":{"title":"Mentions legales - campinglafouillade-najac.com","robots":{"index":"index","follow":"follow","max-snippet":"max-snippet:-1","max-image-preview":"max-image-preview:large","max-video-preview":"max-video-preview:-1"},"canonical":"https:\/\/www.campinglafouillade-najac.com\/en\/mentions-legales\/","og_locale":"en_US","og_type":"article","og_title":"Mentions legales - campinglafouillade-najac.com","og_description":"LEGAL NOTICE These Legal Terms and Conditions of Use govern your use of this Website. If you do not accept them, please leave the Site immediately. I &#8211; LEGAL INFORMATION Site publisherCAMPING VACANCES LOISIRS D\u00c9TENTE BOUTONNETSARL au Capital de 1000 \u20acSi\u00e8ge Social : Rue des Gen\u00eats &#8211; 12270 LA FOUILLADEinfo@campinglafouillade-najac.comT\u00e9l\u00e9phone : 05 65 65 84 [&hellip;]","og_url":"https:\/\/www.campinglafouillade-najac.com\/en\/mentions-legales\/","og_site_name":"campinglafouillade-najac.com","article_modified_time":"2025-05-19T14:28:32+00:00","twitter_card":"summary_large_image","twitter_misc":{"Est. reading time":"8 minutes"},"schema":{"@context":"https:\/\/schema.org","@graph":[{"@type":"WebPage","@id":"https:\/\/www.campinglafouillade-najac.com\/en\/mentions-legales\/","url":"https:\/\/www.campinglafouillade-najac.com\/en\/mentions-legales\/","name":"Mentions legales - campinglafouillade-najac.com","isPartOf":{"@id":"https:\/\/www.campinglafouillade-najac.com\/en\/#website"},"datePublished":"2025-05-15T10:16:21+00:00","dateModified":"2025-05-19T14:28:32+00:00","breadcrumb":{"@id":"https:\/\/www.campinglafouillade-najac.com\/en\/mentions-legales\/#breadcrumb"},"inLanguage":"en-US","potentialAction":[{"@type":"ReadAction","target":["https:\/\/www.campinglafouillade-najac.com\/en\/mentions-legales\/"]}]},{"@type":"BreadcrumbList","@id":"https:\/\/www.campinglafouillade-najac.com\/en\/mentions-legales\/#breadcrumb","itemListElement":[{"@type":"ListItem","position":1,"name":"Accueil","item":"https:\/\/www.campinglafouillade-najac.com\/en\/home\/"},{"@type":"ListItem","position":2,"name":"Mentions legales"}]},{"@type":"WebSite","@id":"https:\/\/www.campinglafouillade-najac.com\/en\/#website","url":"https:\/\/www.campinglafouillade-najac.com\/en\/","name":"campinglafouillade-najac.com","description":"","publisher":{"@id":"https:\/\/www.campinglafouillade-najac.com\/en\/#organization"},"potentialAction":[{"@type":"SearchAction","target":{"@type":"EntryPoint","urlTemplate":"https:\/\/www.campinglafouillade-najac.com\/en\/?s={search_term_string}"},"query-input":{"@type":"PropertyValueSpecification","valueRequired":true,"valueName":"search_term_string"}}],"inLanguage":"en-US"},{"@type":"Organization","@id":"https:\/\/www.campinglafouillade-najac.com\/en\/#organization","name":"campinglafouillade-najac.com","url":"https:\/\/www.campinglafouillade-najac.com\/en\/","logo":{"@type":"ImageObject","inLanguage":"en-US","@id":"https:\/\/www.campinglafouillade-najac.com\/en\/#\/schema\/logo\/image\/","url":"https:\/\/www.campinglafouillade-najac.com\/wp-content\/uploads\/2025\/05\/asset-0-1.png","contentUrl":"https:\/\/www.campinglafouillade-najac.com\/wp-content\/uploads\/2025\/05\/asset-0-1.png","width":197,"height":129,"caption":"campinglafouillade-najac.com"},"image":{"@id":"https:\/\/www.campinglafouillade-najac.com\/en\/#\/schema\/logo\/image\/"}}]}},"_links":{"self":[{"href":"https:\/\/www.campinglafouillade-najac.com\/en\/wp-json\/wp\/v2\/pages\/1136","targetHints":{"allow":["GET"]}}],"collection":[{"href":"https:\/\/www.campinglafouillade-najac.com\/en\/wp-json\/wp\/v2\/pages"}],"about":[{"href":"https:\/\/www.campinglafouillade-najac.com\/en\/wp-json\/wp\/v2\/types\/page"}],"author":[{"embeddable":true,"href":"https:\/\/www.campinglafouillade-najac.com\/en\/wp-json\/wp\/v2\/users\/1"}],"replies":[{"embeddable":true,"href":"https:\/\/www.campinglafouillade-najac.com\/en\/wp-json\/wp\/v2\/comments?post=1136"}],"version-history":[{"count":1,"href":"https:\/\/www.campinglafouillade-najac.com\/en\/wp-json\/wp\/v2\/pages\/1136\/revisions"}],"predecessor-version":[{"id":1137,"href":"https:\/\/www.campinglafouillade-najac.com\/en\/wp-json\/wp\/v2\/pages\/1136\/revisions\/1137"}],"wp:attachment":[{"href":"https:\/\/www.campinglafouillade-najac.com\/en\/wp-json\/wp\/v2\/media?parent=1136"}],"curies":[{"name":"wp","href":"https:\/\/api.w.org\/{rel}","templated":true}]}}